{"id":927,"date":"2022-04-13T06:33:35","date_gmt":"2022-04-13T06:33:35","guid":{"rendered":"https:\/\/virtualcampus.touristic-upskilling.eu\/online-instructional-guide\/"},"modified":"2022-05-13T16:51:47","modified_gmt":"2022-05-13T16:51:47","slug":"guia-didatico-online","status":"publish","type":"page","link":"https:\/\/virtualcampus.touristic-upskilling.eu\/pt-pt\/guia-didatico-online\/","title":{"rendered":"Guia Did\u00e1tico Online"},"content":{"rendered":"<p>O <strong>Guia Did\u00e1tico Online em Compet\u00eancias Digitais para Aprendizagem Virtual<\/strong>, visa melhorar as compet\u00eancias digitais e facilitar a intera\u00e7\u00e3o com ambientes de aprendizagem virtual de professores, formadores e gestores do Ensino e Forma\u00e7\u00e3o Profissional inicial e continuo. Para tal, este documento apresenta um guia simples e f\u00e1cil de aplicar, por qualquer pessoa, mesmo que n\u00e3o tenha conhecimentos pr\u00e9vios sobre como criar e ministrar um curso de e-learning.<\/p>\n<p>O Guia Did\u00e1tico Online est\u00e1 organizado em <strong>seis etapas<\/strong> relativas \u00e0 conce\u00e7\u00e3o, desenvolvimento e presta\u00e7\u00e3o de cursos e-learning:<br \/>\n1. Definir os objetivos e estrutura do curso<br \/>\n2. Definir os recursos necess\u00e1rios<br \/>\n3. Desenvolvimento de conte\u00fados<br \/>\n4. Adicionar Avalia\u00e7\u00f5es e Verifica\u00e7\u00f5es de Conhecimento<br \/>\n5. Carregar o conte\u00fado do curso para a plataforma e-Learning<br \/>\n6. Entrega e avalia\u00e7\u00e3o do curso<\/p>\n<p>&nbsp;<\/p>\n<a href=\"https:\/\/virtualcampus.touristic-upskilling.eu\/wp-content\/uploads\/2022\/05\/TOURISTIC_IO2_Online_Instructional_Guide_PT.pdf\" class=\"pdfemb-viewer\" style=\"width: 750px; \" data-width=\"750\" data-height=\"max\"  data-toolbar=\"both\" data-toolbar-fixed=\"off\">TOURISTIC_IO2_Online_Instructional_Guide_PT<br\/><\/a>\n<p>&nbsp;<\/p>\n<p><a href=\"https:\/\/virtualcampus.touristic-upskilling.eu\/wp-content\/uploads\/2022\/05\/TOURISTIC_IO2_Online_Instructional_Guide_PT.pdf\" target=\"_blank\" rel=\"noopener\">Descarregue o Guia Did\u00e1tico Oline<\/a><\/p>\n","protected":false},"excerpt":{"rendered":"<p>O Guia Did\u00e1tico Online em Compet\u00eancias Digitais para Aprendizagem Virtual, visa melhorar as compet\u00eancias digitais e facilitar a intera\u00e7\u00e3o com ambientes de aprendizagem virtual de professores, formadores e gestores do &hellip; <\/p>\n","protected":false},"author":1,"featured_media":0,"parent":0,"menu_order":0,"comment_status":"closed","ping_status":"closed","template":"","meta":{"footnotes":""},"_links":{"self":[{"href":"https:\/\/virtualcampus.touristic-upskilling.eu\/pt-pt\/wp-json\/wp\/v2\/pages\/927"}],"collection":[{"href":"https:\/\/virtualcampus.touristic-upskilling.eu\/pt-pt\/wp-json\/wp\/v2\/pages"}],"about":[{"href":"https:\/\/virtualcampus.touristic-upskilling.eu\/pt-pt\/wp-json\/wp\/v2\/types\/page"}],"author":[{"embeddable":true,"href":"https:\/\/virtualcampus.touristic-upskilling.eu\/pt-pt\/wp-json\/wp\/v2\/users\/1"}],"replies":[{"embeddable":true,"href":"https:\/\/virtualcampus.touristic-upskilling.eu\/pt-pt\/wp-json\/wp\/v2\/comments?post=927"}],"version-history":[{"count":4,"href":"https:\/\/virtualcampus.touristic-upskilling.eu\/pt-pt\/wp-json\/wp\/v2\/pages\/927\/revisions"}],"predecessor-version":[{"id":3941,"href":"https:\/\/virtualcampus.touristic-upskilling.eu\/pt-pt\/wp-json\/wp\/v2\/pages\/927\/revisions\/3941"}],"wp:attachment":[{"href":"https:\/\/virtualcampus.touristic-upskilling.eu\/pt-pt\/wp-json\/wp\/v2\/media?parent=927"}],"curies":[{"name":"wp","href":"https:\/\/api.w.org\/{rel}","templated":true}]}}